{"id":702,"date":"2015-08-17T20:44:43","date_gmt":"2015-08-17T18:44:43","guid":{"rendered":"http:\/\/naturistes-paris.fr\/V2\/?page_id=702&#038;lang=en"},"modified":"2023-12-17T19:47:53","modified_gmt":"2023-12-17T18:47:53","slug":"directions","status":"publish","type":"page","link":"https:\/\/naturistes-paris.fr\/en\/useful-information\/directions\/","title":{"rendered":"Directions"},"content":{"rendered":"<h2>Roger Le Gall Swimming Pool<\/h2>\n<p>34 boulevard Carnot<br \/>\n75012 PARIS<\/p>\n<p><iframe loading=\"lazy\" style=\"border: 0;\" src=\"https:\/\/www.google.com\/maps\/embed?pb=!1m18!1m12!1m3!1d2625.8697863608854!2d2.4125585000000047!3d48.84162239999998!2m3!1f0!2f0!3f0!3m2!1i1024!2i768!4f13.1!3m3!1m2!1s0x47e672885d54d395%3A0xaccef6cf4379858!2sPiscine+Roger+Le+Gall!5e0!3m2!1sfr!2sfr!4v1439578117581\" width=\"600\" height=\"450\" frameborder=\"0\" allowfullscreen=\"allowfullscreen\"><\/iframe><\/p>\n<h2>public Transport<\/h2>\n<ul>\n<li>For details on the Paris transport system, check out\u00a0<a href=\"https:\/\/www.ratp.fr\/en\/\" target=\"_blank\" rel=\"noopener\">ratp.fr<\/a><\/li>\n<\/ul>\n<p>Nothing could be simpler! Roger Le Gall Swimming Pool is served by metro, bus, tram and, for the more athletic, V\u00e9lib&#8217; bikes. Here are all the details.<\/p>\n<h3>Metro and RER<\/h3>\n<table border=\"0\" width=\"100%\" cellspacing=\"0\" cellpadding=\"0\">\n<tbody>\n<tr>\n<td align=\"left\" valign=\"middle\" width=\"72\"><img loading=\"lazy\" decoding=\"async\" class=\"alignnone wp-image-297\" src=\"\/wp-content\/uploads\/sites\/2\/2015\/08\/Ligne-1.png\" alt=\"M\u00e9tro ligne 6\" width=\"64\" height=\"64\" align=\"top\" \/><\/td>\n<td align=\"left\" valign=\"top\">Metro station: Porte de Vincennes or Saint Mand\u00e9<\/td>\n<\/tr>\n<tr>\n<td align=\"left\" valign=\"middle\" width=\"72\"><img loading=\"lazy\" decoding=\"async\" class=\" wp-image-296 alignnone\" src=\"\/wp-content\/uploads\/sites\/2\/2015\/08\/Ligne-6.png\" alt=\"M\u00e9tro ligne 6\" width=\"64\" height=\"64\" align=\"top\" \/><\/td>\n<td align=\"left\" valign=\"top\">Metro station: Bel Air or Picpus<\/td>\n<\/tr>\n<tr>\n<td align=\"left\" valign=\"middle\" width=\"72\"><img loading=\"lazy\" decoding=\"async\" class=\" wp-image-295 alignnone\" src=\"\/wp-content\/uploads\/sites\/2\/2015\/08\/Ligne-8.png\" alt=\"\" width=\"64\" height=\"64\" align=\"top\" \/><\/td>\n<td align=\"left\" valign=\"top\">Metro station: Porte Dor\u00e9e<\/td>\n<\/tr>\n<tr>\n<td align=\"left\" valign=\"middle\" width=\"72\"><img loading=\"lazy\" decoding=\"async\" class=\"alignnone wp-image-302\" src=\"\/wp-content\/uploads\/sites\/2\/2015\/08\/RER-A.png\" alt=\"\" width=\"64\" height=\"64\" align=\"top\" \/><\/td>\n<td align=\"left\" valign=\"top\">RER station: Nation<\/td>\n<\/tr>\n<\/tbody>\n<\/table>\n<h3><\/h3>\n<h3>Bus<\/h3>\n<table border=\"0\" width=\"100%\" cellspacing=\"0\" cellpadding=\"0\">\n<tbody>\n<tr>\n<td align=\"left\" valign=\"middle\" width=\"72\"><img loading=\"lazy\" decoding=\"async\" class=\"alignnone wp-image-297\" src=\"\/wp-content\/uploads\/sites\/2\/2015\/08\/Bus-29.jpg\" alt=\"M\u00e9tro ligne 6\" width=\"64\" height=\"64\" align=\"top\" \/><\/td>\n<td align=\"left\" valign=\"top\">Bus stop: Porte de Montempoivre<\/td>\n<\/tr>\n<tr>\n<td align=\"left\" valign=\"middle\" width=\"72\"><img loading=\"lazy\" decoding=\"async\" class=\" wp-image-296 alignnone\" src=\"\/wp-content\/uploads\/sites\/2\/2015\/08\/Bus-56.jpg\" alt=\"M\u00e9tro ligne 6\" width=\"64\" height=\"64\" align=\"top\" \/><\/td>\n<td align=\"left\" valign=\"top\">Bus stop: Porte de Saint Mand\u00e9<\/td>\n<\/tr>\n<tr>\n<td align=\"left\" valign=\"middle\" width=\"72\"><img loading=\"lazy\" decoding=\"async\" class=\" wp-image-295 alignnone\" src=\"\/wp-content\/uploads\/sites\/2\/2015\/08\/Bus-86.jpg\" alt=\"\" width=\"64\" height=\"64\" align=\"top\" \/><\/td>\n<td align=\"left\" valign=\"top\">Bus stop: Porte de Vincennes<\/td>\n<\/tr>\n<\/tbody>\n<\/table>\n<h3>Tramway<\/h3>\n<table border=\"0\" width=\"100%\" cellspacing=\"0\" cellpadding=\"0\">\n<tbody>\n<tr>\n<td align=\"left\" valign=\"middle\" width=\"72\"><img loading=\"lazy\" decoding=\"async\" class=\"alignleft wp-image-300\" src=\"\/wp-content\/uploads\/sites\/2\/2015\/08\/Tramway-3a.png\" alt=\"Tramway 3a\" width=\"64\" height=\"64\" align=\"top\" \/><\/td>\n<td align=\"left\" valign=\"top\">Tram stop: Montempoivre<\/td>\n<\/tr>\n<tr>\n<td align=\"left\" valign=\"middle\" width=\"72\"><img loading=\"lazy\" decoding=\"async\" class=\"alignleft wp-image-448\" src=\"\/wp-content\/uploads\/sites\/2\/2015\/08\/Tramway-3b.png\" alt=\"Tramway 3b\" width=\"64\" height=\"64\" \/><\/td>\n<td align=\"left\" valign=\"top\">Tram stop: Porte de Vincennes<\/td>\n<\/tr>\n<\/tbody>\n<\/table>\n<h3><\/h3>\n<h3>V\u00e9lib&#8217;<\/h3>\n<ul>\n<li>For all you need to know about the V\u00e9lib&#8217; rental bikes, see the site\u00a0<a href=\"https:\/\/www.velib-metropole.fr\/en_GB\" target=\"_blank\" rel=\"noopener\">velib-metropole.fr<\/a><\/li>\n<\/ul>\n<table border=\"0\" width=\"100%\" cellspacing=\"0\" cellpadding=\"0\">\n<tbody>\n<tr>\n<td align=\"left\" valign=\"middle\" width=\"72\"><img loading=\"lazy\" decoding=\"async\" class=\"alignnone wp-image-297\" src=\"\/wp-content\/uploads\/sites\/2\/2015\/08\/velib-logo2-64x83.jpg\" alt=\"\" width=\"64\" height=\"83\" align=\"top\" \/><\/td>\n<td align=\"left\" valign=\"top\">V\u00e9lib&#8217; station: 12154 Square Georges M\u00e9li\u00e8s<\/td>\n<\/tr>\n<\/tbody>\n<\/table>\n<p><iframe loading=\"lazy\" style=\"border: 0;\" src=\"https:\/\/www.google.com\/maps\/embed?pb=!1m16!1m12!1m3!1d6245.563242838423!2d2.4128505278283767!3d48.84036190450226!2m3!1f0!2f0!3f0!3m2!1i1024!2i768!4f13.1!2m1!1zVsOpbGli!5e0!3m2!1sfr!2sfr!4v1439578497535\" width=\"400\" height=\"300\" frameborder=\"0\" allowfullscreen=\"allowfullscreen\"><\/iframe><\/p>\n<h2>Georges Rigal\u00a0Swimming PooL<\/h2>\n<p>115 boulevard de Charonne<br \/>\n75011 PARIS<\/p>\n<p><iframe src=\"https:\/\/www.google.com\/maps\/embed?pb=!1m18!1m12!1m3!1d2625.084669777673!2d2.3913573158534325!3d48.85659580878674!2m3!1f0!2f0!3f0!3m2!1i1024!2i768!4f13.1!3m3!1m2!1s0x47e66d8a40d9ca23%3A0x554ee6b9610e9bea!2sPiscine%20Georges%20Rigal!5e0!3m2!1sfr!2sfr!4v1630314412192!5m2!1sfr!2sfr&quot; width=&quot;800&quot; height=&quot;600&quot; style=&quot;border:0;&quot; allowfullscreen=&quot;&quot; loading=&quot;lazy&quot;&gt;&lt;\/iframe&gt;\" width=\"600\" height=\"450\" frameborder=\"0\" allowfullscreen=\"allowfullscreen\" data-mce-fragment=\"1\"><\/iframe><\/p>\n<h2>public Transport<\/h2>\n<ul>\n<li>For details on the Paris transport system, check out\u00a0<a href=\"https:\/\/www.ratp.fr\/en\/\" target=\"_blank\" rel=\"noopener\">ratp.fr<\/a><\/li>\n<\/ul>\n<p>Georges Rigal Swimming Pool is easily accessed by metro, bus and V\u00e9lib&#8217; bikes. Here are all the details:<\/p>\n<h3>Metro<\/h3>\n<table border=\"0\" width=\"100%\" cellspacing=\"0\" cellpadding=\"0\">\n<tbody>\n<tr>\n<td align=\"left\" valign=\"middle\" width=\"72\"><img loading=\"lazy\" decoding=\"async\" class=\"aligncenter\" src=\"https:\/\/pbs.twimg.com\/profile_images\/875707244532424704\/6qX5_6DX_400x400.jpg\" width=\"65\" height=\"65\" \/><\/td>\n<td align=\"left\" valign=\"top\">Metro station: Alexandre Dumas<\/td>\n<\/tr>\n<tr>\n<td align=\"left\" valign=\"middle\" width=\"72\"><img loading=\"lazy\" decoding=\"async\" class=\"aligncenter\" src=\"https:\/\/pbs.twimg.com\/profile_images\/875708916579127296\/FQVN-HnH.jpg\" width=\"64\" height=\"64\" \/><\/td>\n<td align=\"left\" valign=\"top\">Metro station: Charonne<\/td>\n<\/tr>\n<\/tbody>\n<\/table>\n<h3><\/h3>\n<h3>Bus<\/h3>\n<table border=\"0\" width=\"100%\" cellspacing=\"0\" cellpadding=\"0\">\n<tbody>\n<tr>\n<td align=\"left\" valign=\"middle\" width=\"72\"><img loading=\"lazy\" decoding=\"async\" class=\"aligncenter \" src=\"https:\/\/upload.wikimedia.org\/wikipedia\/commons\/2\/26\/76_BUS_RATP.png\" width=\"65\" height=\"39\" \/><\/td>\n<td align=\"left\" valign=\"top\">\u00a0Bus stop: Charonne &#8211; Bagnolet<\/td>\n<\/tr>\n<tr>\n<td align=\"left\" valign=\"middle\" width=\"72\"><img loading=\"lazy\" decoding=\"async\" class=\"aligncenter\" src=\"data:image\/png;base64,iVBORw0KGgoAAAANSUhEUgAAARgAAAC0CAMAAAB4+cOfAAAAdVBMVEVuSR7\/\/\/9tRxuBYkBqRBOSemSbhG5oQQuqmIb8+\/lsRheSeWBnPwJ0UCa5qpxkOQBiNgBgMwDu6uaDZUaIbE94VjDa0sro497f2NHIvLB8XDnPxbuZgmynlIH18\/CNc1nDtqq0pZWnlILUy8Ovno50USqhjHeyr6CPAAAGQklEQVR4nO2d23qqMBBGTaSlIjag1qo92d3a93\/EXau1guEflARnJOtaY1hfTGZyotcPWOnpgJVeIBAIBAKBQCAQCAQCgUCAKZFvGswNaQ9l1ubr1jOTs58iHlWV+eDdjB4p39ynZ9YtGw6qyryJnFqwwFdMZBbVZXZYjJmMQZmdFROZe1hmV8WYySMus5tikuydKrOTYsySaC7dFBNluHfpqBidvaHBaE\/XxKTJU70yuyUmMv8qQ90SXRKjzZTudH\/pjhidrmv+i37ojJiYiHTLdERMlL\/U7Vx2dEJMlA9rDdGHdEBMkk3np5d59WKSbDI7p8wrF5OY\/sd5ZV61mMQsTxmhC1yxmCibnNlaNlytmCh\/O6PL\/aMVMYPmwId4icu\/GWfP9aP\/C4np6aQxOewqxqb0g2l0d3LccgExzffWR5NTnsE8rE6Mci8lpjEZjERmWeHDukGPK0xM9AYfoZ8UPp026nNFiclhP7oq9TCExisSE9+iBxjE5dX3rOF4JEZM\/ooe4O4ohom\/6j06Hrj4i4lf4NOZ42\/ktQalF+yPvRidwgYztNQ\/fae1jCf5nWwx+CnnueUrOiG9LNIoli1Ga\/i\/KA3VO9C+lw3jYaZ7wsWYFar9wtLDfJP04TPfm81DyxajH2DtRxUb5VCoPBttxzHZYjKYPb5XzdxVB3mvN9lOpmgxCcweX49iuz2mIsi7T\/czFKLF4OzxaBrmD3uQtxilfyoli8FpzxisDej4OPr56JvDFiZZDM4ebbHdnqPwZzbJikO7YDHRM6r53D5U79C9Qvwzn+bliEewmBymeRNrbLfnMMibTfPjx5QrBmePT7DBHEZAH0tje0ixYojssSq222O2I9rT0tibllgxOHssz9sdE02VGqzWFVrkitEJyh4HNc4TZbPPnqn+mFQxOHusTAYKRVRHxj2xYvQa1fo1bX7MSqgYnD3+q04GaiNTDJ5RsU30noxMMTh7vHXQYGSK2Qy11Ty6aDAyxeRwmRVmj7WRKCa6QVXG2WNtJIrB2ePUTZUFisFrrB9uGoxEMQZmj0s83VAbeWLST1RharqhNuLE4OxRObtzQZyYFB6fqVh7PANpYnD26K7BiBODF+TdNRhpYpIlrO7a3a0uwsRkcDMqPaFZH1licPaoHhzFMBtkicHZo8MeRpiYaIgbjMt7o0SJwYvVThuMKDF4qzO9xnbajwkSg7NHZ1nSFkFiiKq6bTCCxNg2+\/hrMILE4OzR2TzML2LE6BGcbnDdYOSIwYvV1D6h05EihtjqXDrf5wApYvBitaulgQOEiMFbndXceYORIgYvVjtafCwgQwxxwtPNanURGWJw9qi+XGxvKCFCDN7qrF7PveEZIUJMhk+0fnZVDN7qrAYOdtxZfpS\/GGKrs1r5aDASxFDHgRMvN+HzF1M6KHKE8\/RxC38xRPboPn3cwl4MkT3az5w7gL0YQ9zI5quG3MUQi9Vq7KnBsBeDF6uVuvOQDfzAXAxx24AaeHt\/NHMxxHSD49XHQ3iLIeanqq77cAFvMYZoMI52gdtgLYbYDuPonIkd1mKoBuPiJFsVnMWQDcZPXr2FsxhD3f7o8w1zjMVQMYzPrpe1GCpL8jIHvoevGCqtVsr9KtsBfMVQ8zBq4bHrZSyGOGXyzdRb1LuBrZgYHktSHiccdr\/PVUyGlwYavEi1HlzFRHjr6jdLv6\/J5SqGmm\/wsfOjAFMxukc1GBcXWyCYiiG2aCq\/6cAGpmIM9UYF3\/8kpmLIvNrfJPgvPMWkxFXEbs9sWWEqhgpifGwuK8JSTEL+k2rdztUIlmJSKn90fnLgGJZiqu4h3oOupHUERzEJORPjd8bhB45i6JdwPPuvFkcx9GAN7zx0A0cxxO7VNgZrlmL0mpq787me9AtDMfSrodqoFUMx5KSmauGfxFFMSq0nPfrOrDcwFGOo18952tlbhKEYchrc+5TDBn5i6AWltzYqxVAMsYFVqRoXgjeHnxhytB74XWnbwVAMtaLkdffHHn5iiGNbLQ1KHMXgGrWTEHAUQy4pfbYxWksU43Uj1R6JYlqpE0Mx1Ex4S2JwKnuJAG8yxPhetd5VY8mgEqUqRZiWqoSrcQEvgUAgEAgEAoFAIBAIBAKBgFN0wEqvH7DyH6DGe89MkBpeAAAAAElFTkSuQmCC\" width=\"65\" height=\"42\" \/><\/td>\n<td align=\"left\" valign=\"top\">\u00a0Bus stop: Charonne &#8211; Philippe Auguste<\/td>\n<\/tr>\n<\/tbody>\n<\/table>\n<h3><\/h3>\n<h3>V\u00e9lib&#8217;<\/h3>\n<ul>\n<li>For more information on V\u00e9lib&#8217; rental bikes, see the site\u00a0<a href=\"https:\/\/www.velib-metropole.fr\/en_GB\" target=\"_blank\" rel=\"noopener\">velib-metropole.fr<\/a><\/li>\n<\/ul>\n<table border=\"0\" width=\"100%\" cellspacing=\"0\" cellpadding=\"0\">\n<tbody>\n<tr>\n<td align=\"left\" valign=\"middle\" width=\"72\"><img loading=\"lazy\" decoding=\"async\" class=\"alignnone wp-image-297\" src=\"\/wp-content\/uploads\/sites\/2\/2015\/08\/velib-logo2-64x83.jpg\" alt=\"\" width=\"64\" height=\"83\" align=\"top\" \/><\/td>\n<td align=\"left\" valign=\"top\">V\u00e9lib&#8217;\u00a0 station: 20014 Charonne &#8211; Alexandre Dumas (141 boulevard de Charonne, 75020 Paris)<\/td>\n<\/tr>\n<\/tbody>\n<\/table>\n<p><iframe loading=\"lazy\" src=\"https:\/\/www.google.com\/maps\/embed?pb=!1m16!1m12!1m3!1d3712.2658929403724!2d2.391012364266851!3d48.858813223849296!2m3!1f0!2f0!3f0!3m2!1i1024!2i768!4f13.1!2m1!1svelib!5e0!3m2!1sfr!2sfr!4v1630316298640!5m2!1sfr!2sfr\" width=\"400\" height=\"300\" frameborder=\"0\" allowfullscreen=\"allowfullscreen\" data-mce-fragment=\"1\"><\/iframe><\/p>\n","protected":false},"excerpt":{"rendered":"<p>Roger Le Gall Swimming Pool 34 boulevard Carnot 75012 PARIS public Transport For details on the Paris transport system, check out\u00a0ratp.fr Nothing could be simpler! Roger Le Gall Swimming Pool is served by metro, bus, tram and, for the more athletic, V\u00e9lib&#8217; bikes. Here are all the details. Metro and RER Metro station: Porte de&hellip; <span class=\"kuorinka-read-more\"><a href=\"https:\/\/naturistes-paris.fr\/en\/useful-information\/directions\/\" class=\"more-link\">Read more <span class=\"screen-reader-text\">Directions<\/span><\/a><\/span><\/p>\n","protected":false},"author":1,"featured_media":0,"parent":700,"menu_order":3,"comment_status":"closed","ping_status":"closed","template":"","meta":{"footnotes":""},"_links":{"self":[{"href":"https:\/\/naturistes-paris.fr\/en\/wp-json\/wp\/v2\/pages\/702"}],"collection":[{"href":"https:\/\/naturistes-paris.fr\/en\/wp-json\/wp\/v2\/pages"}],"about":[{"href":"https:\/\/naturistes-paris.fr\/en\/wp-json\/wp\/v2\/types\/page"}],"author":[{"embeddable":true,"href":"https:\/\/naturistes-paris.fr\/en\/wp-json\/wp\/v2\/users\/1"}],"replies":[{"embeddable":true,"href":"https:\/\/naturistes-paris.fr\/en\/wp-json\/wp\/v2\/comments?post=702"}],"version-history":[{"count":22,"href":"https:\/\/naturistes-paris.fr\/en\/wp-json\/wp\/v2\/pages\/702\/revisions"}],"predecessor-version":[{"id":12827,"href":"https:\/\/naturistes-paris.fr\/en\/wp-json\/wp\/v2\/pages\/702\/revisions\/12827"}],"up":[{"embeddable":true,"href":"https:\/\/naturistes-paris.fr\/en\/wp-json\/wp\/v2\/pages\/700"}],"wp:attachment":[{"href":"https:\/\/naturistes-paris.fr\/en\/wp-json\/wp\/v2\/media?parent=702"}],"curies":[{"name":"wp","href":"https:\/\/api.w.org\/{rel}","templated":true}]}}